{"id":96,"date":"2025-07-10T21:29:54","date_gmt":"2025-07-10T21:29:54","guid":{"rendered":"http:\/\/localhost\/openmemory\/?page_id=96"},"modified":"2025-10-19T17:53:01","modified_gmt":"2025-10-19T17:53:01","slug":"archivio","status":"publish","type":"page","link":"https:\/\/www.openmemory.it\/openmemory\/archivio\/","title":{"rendered":"Archivio"},"content":{"rendered":"\n<article lang=\"it\"><header>\n<p><q><span style=\"color: #0000ff;\"><em>Mai come in questo momento storico dobbiamo aggrapparci alla nostra storia<\/em><\/span><\/q>. Le parole sono quelle di uno storico impegnato, <strong style=\"color: #0000ff;\">Marc Bloch<\/strong>, che analizza <q><span style=\"color: #0000ff;\">Il passato in funzione del presente e il presente in funzione del passato<\/span><\/q>, attribuendo alla <strong style=\"color: #0000ff;\">memoria collettiva<\/strong> un ruolo cardine nella risoluzione dei <q><span style=\"color: #0000ff;\">problemi del presente<\/span><\/q>. <img loading=\"lazy\" decoding=\"async\" class=\"alignright\" style=\"border-radius: 20px; display: block;\" src=\"\/openmemory\/wp-content\/uploads\/2025\/07\/6_1920x1223-1024x652.jpg\" alt=\"Ritratto di uno storico impegnato\" width=\"200\" height=\"127\"><\/p>\n<\/header>\n<section>\n<p>Per questo \u00e8 fondamentale oggi analizzare le sedimentazioni dei movimenti.<br>Dalla sua fondazione, nel maggio 2021, l\u2019<strong style=\"color: #ff0000;\">Archivio<\/strong> di <strong style=\"color: #ff0000;\">Open Memory<\/strong> ha compiuto molte tappe: \u00e8 stato aperto al pubblico nel dicembre 2023 ed \u00e8 stato consultato da studiosi e appassionati.<\/p>\n<\/section>\n<aside>\n<blockquote>\n<p><strong style=\"color: #ff0000;\">Siamo ora alla fase di digitalizzazione<\/strong><\/p>\n<\/blockquote>\n<\/aside>\n<section>\n<p>L\u2019obiettivo di questo nuovo traguardo, nella sua prima versione, \u00e8 rendere fruibile online la grande quantit\u00e0 di materiale presente fisicamente nella storica sede di Vicolo Pontecorvo, a Padova.<br>Il lavoro \u00e8 stato gestito, come tutto l\u2019archivio, collettivamente.<\/p>\n<\/section>\n<\/article>\n\n\n\n<article lang=\"it\">\n<section>\n<p>La prima difficolt\u00e0 che abbiamo dovuto affrontare \u00e8 stata la quantit\u00e0 e la diversit\u00e0 dei documenti, che comprendono sia materiali cartacei che multimediali.<br><img loading=\"lazy\" decoding=\"async\" class=\"alignleft\" style=\"border-radius: 20px; display: block;\" src=\"\/openmemory\/wp-content\/uploads\/2025\/07\/IMG-20220605-WA0019_1.jpg\" alt=\"Vista di un documento d\u2019archivio\" width=\"200\" height=\"140\"> La scelta fatta \u00e8 stata quella di cercare di garantire un\u2019uniformit\u00e0 di visione attraverso tutte le tipologie di materiali disponibili.<br>Il lavoro pi\u00f9 impegnativo da svolgere resta comunque la digitalizzazione del materiale cartaceo e, ad oggi, nonostante il grande impegno, possiamo affermare soltanto di essere ancora in una fase iniziale.<br>Il nostro auspicio \u00e8 che l\u2019impostazione data al lavoro, e la soluzione web che proponiamo, siano utili e di facile utilizzo; e soprattutto che raggiungano lo scopo di condividere, con tutte e tutti coloro che lo consulteranno, un percorso storico e umano che, a distanza di anni, si rivela quanto mai attuale.<\/p>\n<\/section>\n<\/article>\n\n\n\n<article lang=\"it\">\n<section>\n<p><img loading=\"lazy\" decoding=\"async\" class=\"alignright\" style=\"border: solid 1px; border-radius: 20px; display: block;\" src=\"\/openmemory\/wp-content\/uploads\/2025\/07\/22.jpg\" alt=\"Vista di un documento digitalizzato\" width=\"200\" height=\"113\" \/><\/p>\n<p>Nella digitalizzazione, che come abbiamo detto \u00e8 tuttora <em>work in progress<\/em>, <strong>abbiamo dato la precedenza ai fondi che sono frutto di donazioni<\/strong>, che hanno rappresentato un grande arricchimento del materiale documentale. Abbiamo inoltre deciso di suddividere il materiale in sette categorie: <span style=\"color: #ff0000;\">documenti<\/span>, <span style=\"color: #ff0000;\">audio<\/span>, <span style=\"color: #ff0000;\">video<\/span>, <span style=\"color: #ff0000;\">riviste e periodici<\/span>, <span style=\"color: #ff0000;\">emeroteca<\/span>, <span style=\"color: #ff0000;\">biblioteca<\/span> e <span style=\"color: #ff0000;\">immagini<\/span>.<br \/>L\u2019obiettivo \u00e8 quello di costruire un contenitore valido, cio\u00e8 un portale effettivamente utile e fruibile. <span style=\"color: #ff0000;\">Il giudizio di chi utilizzer\u00e0 l\u2019archivio \u00e8 quindi di fondamentale importanza<span style=\"color: #000000;\">.<\/span><\/span> Sono benvenute tutte le critiche costruttive, i consigli e le segnalazioni di errori o malfunzionamenti.<\/p>\n<\/section>\n<\/article>\n\n\n\n<div class=\"wp-block-columns is-layout-flex wp-container-core-columns-is-layout-9d6595d7 wp-block-columns-is-layout-flex\">\n<div class=\"wp-block-column is-layout-flow wp-block-column-is-layout-flow\">\n<div class=\"wp-block-buttons is-content-justification-center is-layout-flex wp-container-core-buttons-is-layout-16018d1d wp-block-buttons-is-layout-flex\">\n<div class=\"wp-block-button has-custom-width wp-block-button__width-100 ticss-f2ffbc6a\"><a class=\"wp-block-button__link has-neve-link-hover-color-background-color has-background wp-element-button\" href=\"https:\/\/www.openmemory.it\/archive\" target=\"_blank\" rel=\"noreferrer noopener\">Visita l&#8217;Archivio<\/a><\/div>\n<\/div>\n<\/div>\n<\/div>\n","protected":false},"excerpt":{"rendered":"<p>Mai come in questo momento storico dobbiamo aggrapparci alla nostra storia. Le parole sono quelle di uno storico impegnato, Marc Bloch, che analizza Il passato in funzione del presente e il presente in funzione del passato, attribuendo alla memoria collettiva un ruolo cardine nella risoluzione dei problemi del presente. Per questo \u00e8 fondamentale oggi analizzare&hellip;&nbsp;<a href=\"https:\/\/www.openmemory.it\/openmemory\/archivio\/\" rel=\"bookmark\"><span class=\"screen-reader-text\">Archivio<\/span><\/a><\/p>\n","protected":false},"author":1,"featured_media":0,"parent":0,"menu_order":0,"comment_status":"closed","ping_status":"closed","template":"","meta":{"neve_meta_sidebar":"","neve_meta_container":"contained","neve_meta_enable_content_width":"on","neve_meta_content_width":90,"neve_meta_title_alignment":"","neve_meta_author_avatar":"","neve_post_elements_order":"","neve_meta_disable_header":"","neve_meta_disable_footer":"","neve_meta_disable_title":"","_themeisle_gutenberg_block_has_review":false,"footnotes":""},"class_list":["post-96","page","type-page","status-publish","hentry"],"_links":{"self":[{"href":"https:\/\/www.openmemory.it\/openmemory\/wp-json\/wp\/v2\/pages\/96","targetHints":{"allow":["GET"]}}],"collection":[{"href":"https:\/\/www.openmemory.it\/openmemory\/wp-json\/wp\/v2\/pages"}],"about":[{"href":"https:\/\/www.openmemory.it\/openmemory\/wp-json\/wp\/v2\/types\/page"}],"author":[{"embeddable":true,"href":"https:\/\/www.openmemory.it\/openmemory\/wp-json\/wp\/v2\/users\/1"}],"replies":[{"embeddable":true,"href":"https:\/\/www.openmemory.it\/openmemory\/wp-json\/wp\/v2\/comments?post=96"}],"version-history":[{"count":67,"href":"https:\/\/www.openmemory.it\/openmemory\/wp-json\/wp\/v2\/pages\/96\/revisions"}],"predecessor-version":[{"id":1393,"href":"https:\/\/www.openmemory.it\/openmemory\/wp-json\/wp\/v2\/pages\/96\/revisions\/1393"}],"wp:attachment":[{"href":"https:\/\/www.openmemory.it\/openmemory\/wp-json\/wp\/v2\/media?parent=96"}],"curies":[{"name":"wp","href":"https:\/\/api.w.org\/{rel}","templated":true}]}}