{"id":523,"date":"2025-07-15T07:30:43","date_gmt":"2025-07-15T07:30:43","guid":{"rendered":"http:\/\/localhost\/openmemory\/?page_id=523"},"modified":"2025-10-19T17:33:55","modified_gmt":"2025-10-19T17:33:55","slug":"archives","status":"publish","type":"page","link":"https:\/\/www.openmemory.it\/openmemory\/fr\/archives\/","title":{"rendered":"Archives"},"content":{"rendered":"\n<article lang=\"fr\"><header>\n<p><q><span style=\"color: #0000ff;\"><em>Jamais comme en ce moment historique nous devons nous accrocher \u00e0 notre histoire<\/em><\/span><\/q>. Ces mots sont ceux d\u2019un historien engag\u00e9, <strong style=\"color: #0000ff;\">Marc Bloch<\/strong>, qui analyse <q><span style=\"color: #0000ff;\">Le pass\u00e9 en fonction du pr\u00e9sent et le pr\u00e9sent en fonction du pass\u00e9<\/span><\/q>, attribuant \u00e0 la <strong style=\"color: #0000ff;\">m\u00e9moire collective<\/strong> un r\u00f4le central dans la r\u00e9solution des <q><span style=\"color: #0000ff;\">probl\u00e8mes du pr\u00e9sent<\/span><\/q>. <img loading=\"lazy\" decoding=\"async\" class=\"alignright\" style=\"border-radius: 20px; display: block;\" src=\"\/openmemory\/wp-content\/uploads\/2025\/07\/6_1920x1223-1024x652.jpg\" alt=\"Portrait d\u2019un historien engag\u00e9\" width=\"200\" height=\"127\"><\/p>\n<\/header>\n<section>\n<p>C\u2019est pourquoi il est aujourd\u2019hui fondamental d\u2019analyser les s\u00e9dimentations des mouvements.<br>Depuis sa fondation en mai 2021, l\u2019<strong style=\"color: #ff0000;\">Archive<\/strong> de <strong style=\"color: #ff0000;\">Open Memory<\/strong> a franchi de nombreuses \u00e9tapes : elle a \u00e9t\u00e9 ouverte au public en d\u00e9cembre 2023 et consult\u00e9e par des chercheurs et des passionn\u00e9s.<\/p>\n<\/section>\n<aside>\n<blockquote>\n<p><strong style=\"color: #ff0000;\">Nous sommes maintenant \u00e0 la phase de num\u00e9risation<\/strong><\/p>\n<\/blockquote>\n<\/aside>\n<section>\n<p>L\u2019objectif de cette nouvelle \u00e9tape, dans sa premi\u00e8re version, est de rendre accessible en ligne la grande quantit\u00e9 de mat\u00e9riel pr\u00e9sent physiquement dans le si\u00e8ge historique de Vicolo Pontecorvo, \u00e0 Padoue.<br>Le travail a \u00e9t\u00e9 g\u00e9r\u00e9, comme l\u2019ensemble de l\u2019archive, collectivement.<\/p>\n<\/section>\n<\/article>\n\n\n\n<article lang=\"fr\">\n<section>\n<p>La premi\u00e8re difficult\u00e9 que nous avons d\u00fb affronter a \u00e9t\u00e9 la quantit\u00e9 et la diversit\u00e9 des documents, qui sont \u00e0 la fois papier et multim\u00e9dia.<br><img loading=\"lazy\" decoding=\"async\" class=\"alignleft\" style=\"border-radius: 20px; display: block;\" src=\"\/openmemory\/wp-content\/uploads\/2025\/07\/IMG-20220605-WA0019_1.jpg\" alt=\"Vue d\u2019un document d\u2019archive\" width=\"200\" height=\"140\"> Le choix effectu\u00e9 a \u00e9t\u00e9 de chercher \u00e0 garantir une uniformit\u00e9 de vision \u00e0 travers toutes les typologies de mat\u00e9riaux disponibles.<br>Le travail le plus cons\u00e9quent \u00e0 r\u00e9aliser reste n\u00e9anmoins la num\u00e9risation du mat\u00e9riel papier et, \u00e0 ce jour, malgr\u00e9 le grand engagement, nous pouvons seulement affirmer que nous sommes encore dans une phase initiale.<br>Notre souhait est que l\u2019approche que nous avons donn\u00e9e au travail, ainsi que la solution web que nous proposons, soient utiles et faciles \u00e0 utiliser ; et surtout qu\u2019elles atteignent l\u2019objectif de partager avec toutes celles et ceux qui le consulteront un parcours historique et humain qui, des ann\u00e9es plus tard, se r\u00e9v\u00e8le plus actuel que jamais.<\/p>\n<\/section>\n<\/article>\n\n\n\n<article lang=\"fr\">\n<section>\n<p><img loading=\"lazy\" decoding=\"async\" class=\"alignright\" style=\"border: solid 1px; border-radius: 20px; display: block;\" src=\"\/openmemory\/wp-content\/uploads\/2025\/07\/22.jpg\" alt=\"Vue d\u2019un document num\u00e9ris\u00e9\" width=\"200\" height=\"113\" \/><\/p>\n<p>Dans le processus de num\u00e9risation, qui comme nous l\u2019avons dit est encore <em>en cours<\/em>, <strong>nous avons donn\u00e9 la priorit\u00e9 aux fonds issus de dons<\/strong>, qui ont repr\u00e9sent\u00e9 un enrichissement consid\u00e9rable du mat\u00e9riel documentaire. Nous avons \u00e9galement d\u00e9cid\u00e9 de diviser le contenu en sept cat\u00e9gories : <span style=\"color: #ff0000;\">documents<\/span>, <span style=\"color: #ff0000;\">audio<\/span>, <span style=\"color: #ff0000;\">vid\u00e9o<\/span>, <span style=\"color: #ff0000;\">revues et p\u00e9riodiques<\/span>, <span style=\"color: #ff0000;\">presse archivistique<\/span>, <span style=\"color: #ff0000;\">biblioth\u00e8que<\/span> et <span style=\"color: #ff0000;\">images<\/span>.<br \/>L\u2019objectif est de construire un conteneur pertinent, c\u2019est-\u00e0-dire un portail r\u00e9ellement utile et accessible. <span style=\"color: #ff0000;\">L\u2019avis de celles et ceux qui utiliseront l\u2019archive est donc d\u2019une importance fondamentale<span style=\"color: #000000;\">.<\/span><\/span> Toutes les critiques constructives, les conseils et les signalements d\u2019erreurs ou de dysfonctionnements sont les bienvenus.<\/p>\n<\/section>\n<\/article>\n\n\n\n<div class=\"wp-block-columns is-layout-flex wp-container-core-columns-is-layout-9d6595d7 wp-block-columns-is-layout-flex\">\n<div class=\"wp-block-column is-layout-flow wp-block-column-is-layout-flow\">\n<div class=\"wp-block-buttons is-content-justification-center is-layout-flex wp-container-core-buttons-is-layout-16018d1d wp-block-buttons-is-layout-flex\">\n<div class=\"wp-block-button has-custom-width wp-block-button__width-100 ticss-f2ffbc6a\"><a class=\"wp-block-button__link has-neve-link-hover-color-background-color has-background wp-element-button\" href=\"https:\/\/www.openmemory.it\/archive\" target=\"_blank\" rel=\"noreferrer noopener\">Visiter les Archives<\/a><\/div>\n<\/div>\n<\/div>\n<\/div>\n","protected":false},"excerpt":{"rendered":"<p>Jamais comme en ce moment historique nous devons nous accrocher \u00e0 notre histoire. Ces mots sont ceux d\u2019un historien engag\u00e9, Marc Bloch, qui analyse Le pass\u00e9 en fonction du pr\u00e9sent et le pr\u00e9sent en fonction du pass\u00e9, attribuant \u00e0 la m\u00e9moire collective un r\u00f4le central dans la r\u00e9solution des probl\u00e8mes du pr\u00e9sent. C\u2019est pourquoi il&hellip;&nbsp;<a href=\"https:\/\/www.openmemory.it\/openmemory\/fr\/archives\/\" rel=\"bookmark\"><span class=\"screen-reader-text\">Archives<\/span><\/a><\/p>\n","protected":false},"author":1,"featured_media":0,"parent":0,"menu_order":0,"comment_status":"closed","ping_status":"closed","template":"","meta":{"neve_meta_sidebar":"","neve_meta_container":"contained","neve_meta_enable_content_width":"on","neve_meta_content_width":90,"neve_meta_title_alignment":"","neve_meta_author_avatar":"","neve_post_elements_order":"","neve_meta_disable_header":"","neve_meta_disable_footer":"","neve_meta_disable_title":"","_themeisle_gutenberg_block_has_review":false,"footnotes":""},"class_list":["post-523","page","type-page","status-publish","hentry"],"_links":{"self":[{"href":"https:\/\/www.openmemory.it\/openmemory\/wp-json\/wp\/v2\/pages\/523","targetHints":{"allow":["GET"]}}],"collection":[{"href":"https:\/\/www.openmemory.it\/openmemory\/wp-json\/wp\/v2\/pages"}],"about":[{"href":"https:\/\/www.openmemory.it\/openmemory\/wp-json\/wp\/v2\/types\/page"}],"author":[{"embeddable":true,"href":"https:\/\/www.openmemory.it\/openmemory\/wp-json\/wp\/v2\/users\/1"}],"replies":[{"embeddable":true,"href":"https:\/\/www.openmemory.it\/openmemory\/wp-json\/wp\/v2\/comments?post=523"}],"version-history":[{"count":19,"href":"https:\/\/www.openmemory.it\/openmemory\/wp-json\/wp\/v2\/pages\/523\/revisions"}],"predecessor-version":[{"id":1386,"href":"https:\/\/www.openmemory.it\/openmemory\/wp-json\/wp\/v2\/pages\/523\/revisions\/1386"}],"wp:attachment":[{"href":"https:\/\/www.openmemory.it\/openmemory\/wp-json\/wp\/v2\/media?parent=523"}],"curies":[{"name":"wp","href":"https:\/\/api.w.org\/{rel}","templated":true}]}}